{"id":903,"date":"2020-06-08T20:32:50","date_gmt":"2020-06-08T23:32:50","guid":{"rendered":"https:\/\/jorgedonn-caba.infd.edu.ar\/sitio\/?page_id=903"},"modified":"2022-09-02T17:58:51","modified_gmt":"2022-09-02T20:58:51","slug":"tango","status":"publish","type":"page","link":"https:\/\/jorgedonn-caba.infd.edu.ar\/sitio\/tango\/","title":{"rendered":"TANGO"},"content":{"rendered":"<h1 style=\"text-align: center;\"><strong>Profesorado de Danza con orientaci\u00f3n en <\/strong><\/h1>\n<h1 style=\"text-align: center;\"><strong>Danza Tango<\/strong><\/h1>\n<p><strong>Norma aprobatoria del Dise\u00f1o Curricular Jurisdiccional:<\/strong> RESOLUCI\u00d3N N\u00b0 4290 \/MEGC \/\u00a02014<\/p>\n<p><strong>Norma aprobatoria de Plan Curricular Institucional:<\/strong> RESOLUCI\u00d3N N\u00b0 194\/SSPLINED\/17<\/p>\n<p><strong>T\u00edtulo que otorga:<\/strong> Profesor\/a de Danza con orientaci\u00f3n en Danza Tango<\/p>\n<p><strong>Alcances o incumbencias del t\u00edtulo: <\/strong>Educaci\u00f3n inicial, educaci\u00f3n primaria, educaci\u00f3n secundaria, secundaria art\u00edstica y educaci\u00f3n especial.<\/p>\n<p><strong>Caracter\u00edsticas generales:<\/strong> Nivel Superior, Formaci\u00f3n Docente, Carrera Presencial.<\/p>\n<p><strong>D\u00edas y Horarios de cursada:\u00a0<\/strong>Lunes a viernes de 18 : 00 a 23:20 hs.<\/p>\n<p><strong>Duraci\u00f3n total de la carrera:<\/strong><\/p>\n<ul>\n<li>\u00a0Organizada en una cursada de 4 a\u00f1os.<\/li>\n<li>Carga horaria total en horas reloj: 2.805 Hs.<\/li>\n<li>Carga horaria total en horas c\u00e1tedra: 4208 Hs.<\/li>\n<\/ul>\n<blockquote>\n<p style=\"text-align: center;\"><em>Reconociendo el sentido formativo de la danza y recibiendo la esencia del tango como danza popular fundamentada en los saberes hist\u00f3rico-culturales y en su desarrollo t\u00e9cnico y art\u00edstico contempor\u00e1neo, es que nuestros egresados estar\u00e1n en condiciones de transmitir sus saberes en distintos \u00e1mbitos y niveles de la educaci\u00f3n (educaci\u00f3n formal y no formal, niveles inicial, primario y secundario), demostrando dominio de los aspectos te\u00f3ricos, t\u00e9cnicos y metodol\u00f3gicos fundamentales de acuerdo con los requerimientos para cada \u00e1mbito.<\/em><\/p>\n<\/blockquote>\n<h2 style=\"text-align: center;\"><strong>Perfil del egresado<\/strong><\/h2>\n<p style=\"text-align: center;\"><strong>Con el convencimiento de que un docente bien capacitado garantiza una escuela de <\/strong><strong>calidad, se aspira a una formaci\u00f3n docente profesional sustentada en la adquisici\u00f3n de valores y de <\/strong><strong>un conocimiento reflexivo y cr\u00edtico de s\u00ed mismo y de la realidad que lo circunda. Que adquiera <\/strong><strong>habilidades y competencias actitudinales en su sentido m\u00e1s profundo, para respetar el propio trabajo, el de sus pares y el de sus alumnos. Que desarrolle la capacidad de autoevaluaci\u00f3n y retroalimentaci\u00f3n intencionales y continuadas, y en la atenci\u00f3n al fin moral de la educaci\u00f3n.<\/strong><\/p>\n<p style=\"text-align: center;\"><strong>Un docente que comprenda reflexivamente cu\u00e1l es el desaf\u00edo pedag\u00f3gico actual, capaz de <\/strong><strong>abordar situaciones problem\u00e1ticas frente a las cuales poder accionar cr\u00edticamente. Que ofrezca <\/strong><strong>posibles soluciones y tome decisiones de manera aut\u00f3noma. Que produzca conocimiento v\u00e1lido que se fundamente en los saberes cient\u00edficos, culturales y educativos.<\/strong><\/p>\n<p style=\"text-align: center;\"><strong>Un educador que adquiera las estrategias adecuadas para propiciar una ense\u00f1anza de calidad, con habilidades comunicacionales y metodol\u00f3gicas para llevarla a cabo y que favorezca el aprendizaje significativo de los alumnos. Un docente que integre equipos de trabajo que faciliten la inclusi\u00f3n de ni\u00f1os y j\u00f3venes con discapacidad y\/o con dificultades especificas de aprendizaje en una labor conjunta con otros profesionales de la educaci\u00f3n, desarrollando las adaptaciones curriculares necesarias en cada caso.<\/strong><\/p>\n<pre><em><b> OBTEN\u00c9 MAS INFORMACI\u00d3N HACIENDO CLIC EN CADA BOT\u00d3N. POD\u00c9S DESCARGARTE TODOS LOS DOCUMENTOS EN FORMATO PDF.<\/b><\/em><\/pre>\n<p><a href=\"https:\/\/jorgedonn-caba.infd.edu.ar\/sitio\/wp-content\/uploads\/2021\/11\/CAJA-CURRICULAR-TANGO-2020.pdf\" target=\"_blank\" rel=\"noopener\"><img decoding=\"async\" loading=\"lazy\" class=\"alignnone wp-image-1086\" src=\"https:\/\/jorgedonn-caba.infd.edu.ar\/sitio\/wp-content\/uploads\/2020\/07\/distribuci\u00f3n-por-a\u00f1os.png\" alt=\"\" width=\"225\" height=\"229\" srcset=\"https:\/\/jorgedonn-caba.infd.edu.ar\/sitio\/wp-content\/uploads\/2020\/07\/distribuci\u00f3n-por-a\u00f1os.png 803w, https:\/\/jorgedonn-caba.infd.edu.ar\/sitio\/wp-content\/uploads\/2020\/07\/distribuci\u00f3n-por-a\u00f1os-768x781.png 768w\" sizes=\"(max-width: 225px) 100vw, 225px\" \/><\/a>\u00a0 \u00a0 \u00a0 \u00a0 \u00a0 \u00a0 \u00a0 \u00a0<a href=\"https:\/\/jorgedonn-caba.infd.edu.ar\/sitio\/wp-content\/uploads\/2022\/06\/TANGO-listado-de-materias-y-modalidad.pdf\" target=\"_blank\" rel=\"noopener\"><img decoding=\"async\" loading=\"lazy\" class=\"alignnone wp-image-1087\" src=\"https:\/\/jorgedonn-caba.infd.edu.ar\/sitio\/wp-content\/uploads\/2020\/07\/distribuci\u00f3n-por-campos.png\" alt=\"\" width=\"225\" height=\"229\" srcset=\"https:\/\/jorgedonn-caba.infd.edu.ar\/sitio\/wp-content\/uploads\/2020\/07\/distribuci\u00f3n-por-campos.png 803w, https:\/\/jorgedonn-caba.infd.edu.ar\/sitio\/wp-content\/uploads\/2020\/07\/distribuci\u00f3n-por-campos-768x781.png 768w\" sizes=\"(max-width: 225px) 100vw, 225px\" \/><\/a>\u00a0 \u00a0 \u00a0 \u00a0 \u00a0 \u00a0 \u00a0 \u00a0\u00a0<a href=\"https:\/\/jorgedonn-caba.infd.edu.ar\/sitio\/wp-content\/uploads\/2021\/11\/Correlatividades-tango-2020.pdf\" target=\"_blank\" rel=\"noopener\"><img decoding=\"async\" loading=\"lazy\" class=\"alignnone wp-image-1089\" src=\"https:\/\/jorgedonn-caba.infd.edu.ar\/sitio\/wp-content\/uploads\/2020\/07\/R\u00e9gimen-de-correlatividades.png\" alt=\"\" width=\"229\" height=\"228\" srcset=\"https:\/\/jorgedonn-caba.infd.edu.ar\/sitio\/wp-content\/uploads\/2020\/07\/R\u00e9gimen-de-correlatividades.png 806w, https:\/\/jorgedonn-caba.infd.edu.ar\/sitio\/wp-content\/uploads\/2020\/07\/R\u00e9gimen-de-correlatividades-500x500.png 500w, https:\/\/jorgedonn-caba.infd.edu.ar\/sitio\/wp-content\/uploads\/2020\/07\/R\u00e9gimen-de-correlatividades-768x765.png 768w\" sizes=\"(max-width: 229px) 100vw, 229px\" \/><\/a>\u00a0 \u00a0 \u00a0 \u00a0 \u00a0 \u00a0 \u00a0 \u00a0<a href=\"https:\/\/drive.google.com\/file\/d\/1GAfJQsGPxnrU59HjHMM0LI19YLSuRc2G\/view?usp=sharing\" target=\"_blank\" rel=\"noopener\"><img decoding=\"async\" loading=\"lazy\" class=\"alignnone wp-image-1088\" src=\"https:\/\/jorgedonn-caba.infd.edu.ar\/sitio\/wp-content\/uploads\/2020\/07\/Plan-de-estudios.png\" alt=\"\" width=\"225\" height=\"229\" srcset=\"https:\/\/jorgedonn-caba.infd.edu.ar\/sitio\/wp-content\/uploads\/2020\/07\/Plan-de-estudios.png 803w, https:\/\/jorgedonn-caba.infd.edu.ar\/sitio\/wp-content\/uploads\/2020\/07\/Plan-de-estudios-768x781.png 768w\" sizes=\"(max-width: 225px) 100vw, 225px\" \/><\/a><\/p>\n<h4>Dejanos tu consulta:<\/h4>\n\n<div class=\"wpcf7 no-js\" id=\"wpcf7-f57-o1\" lang=\"es-ES\" dir=\"ltr\">\n<div class=\"screen-reader-response\"><p role=\"status\" aria-live=\"polite\" aria-atomic=\"true\"><\/p> <ul><\/ul><\/div>\n<form action=\"\/sitio\/wp-json\/wp\/v2\/pages\/903#wpcf7-f57-o1\" method=\"post\" class=\"wpcf7-form init\" aria-label=\"Formulario de contacto\" novalidate=\"novalidate\" data-status=\"init\">\n<div style=\"display: none;\">\n<input type=\"hidden\" name=\"_wpcf7\" value=\"57\" \/>\n<input type=\"hidden\" name=\"_wpcf7_version\" value=\"5.7.7\" \/>\n<input type=\"hidden\" name=\"_wpcf7_locale\" value=\"es_ES\" \/>\n<input type=\"hidden\" name=\"_wpcf7_unit_tag\" value=\"wpcf7-f57-o1\" \/>\n<input type=\"hidden\" name=\"_wpcf7_container_post\" value=\"0\" \/>\n<input type=\"hidden\" name=\"_wpcf7_posted_data_hash\" value=\"\" \/>\n<input type=\"hidden\" name=\"_wpcf7_recaptcha_response\" value=\"\" \/>\n<\/div>\n<p><label><br \/>\n<b>* Nombre<\/b><br \/>\n<span class=\"wpcf7-form-control-wrap\" data-name=\"your-nombre\"><input size=\"40\" class=\"wpcf7-form-control wpcf7-text wpcf7-validates-as-required\" aria-required=\"true\" aria-invalid=\"false\" value=\"\" type=\"text\" name=\"your-nombre\" \/><\/span><br \/>\n<\/label><br \/>\n<label><br \/>\n<b>* Apellidos<\/b><br \/>\n<span class=\"wpcf7-form-control-wrap\" data-name=\"your-apellidos\"><input size=\"40\" class=\"wpcf7-form-control wpcf7-text wpcf7-validates-as-required\" aria-required=\"true\" aria-invalid=\"false\" value=\"\" type=\"text\" name=\"your-apellidos\" \/><\/span><br \/>\n<\/label><br \/>\n<label><br \/>\n<b>* E-mail<\/b><br \/>\n<span class=\"wpcf7-form-control-wrap\" data-name=\"your-e-mail\"><input size=\"40\" class=\"wpcf7-form-control wpcf7-text wpcf7-email wpcf7-validates-as-required wpcf7-validates-as-email\" aria-required=\"true\" aria-invalid=\"false\" value=\"\" type=\"email\" name=\"your-e-mail\" \/><\/span><br \/>\n<\/label><br \/>\n<b>* Comentarios<\/b><br \/>\n<span class=\"wpcf7-form-control-wrap\" data-name=\"your-comentarios\"><textarea cols=\"40\" rows=\"10\" class=\"wpcf7-form-control wpcf7-textarea wpcf7-validates-as-required\" aria-required=\"true\" aria-invalid=\"false\" name=\"your-comentarios\"><\/textarea><\/span><br \/>\n<\/p>\n<p> (*) Los campos son obligatorios.\n<\/p>\n\n<p><input class=\"wpcf7-form-control has-spinner wpcf7-submit\" type=\"submit\" value=\"Enviar\" \/>\n<\/p><p style=\"display: none !important;\"><label>&#916;<textarea name=\"_wpcf7_ak_hp_textarea\" cols=\"45\" rows=\"8\" maxlength=\"100\"><\/textarea><\/label><input type=\"hidden\" id=\"ak_js_1\" name=\"_wpcf7_ak_js\" value=\"62\"\/><script>document.getElementById( \"ak_js_1\" ).setAttribute( \"value\", ( new Date() ).getTime() );<\/script><\/p><div class=\"wpcf7-response-output\" aria-hidden=\"true\"><\/div>\n<\/form>\n<\/div>\n\n","protected":false},"excerpt":{"rendered":"<p>Profesorado de Danza con orientaci\u00f3n en Danza Tango Norma aprobatoria del Dise\u00f1o Curricular Jurisdiccional: RESOLUCI\u00d3N N\u00b0 4290 \/MEGC \/\u00a02014 Norma aprobatoria de Plan Curricular Institucional: RESOLUCI\u00d3N N\u00b0 194\/SSPLINED\/17 T\u00edtulo que otorga: Profesor\/a de Danza con orientaci\u00f3n en Danza Tango Alcances o incumbencias del t\u00edtulo: Educaci\u00f3n inicial, educaci\u00f3n primaria, educaci\u00f3n secundaria, secundaria art\u00edstica y educaci\u00f3n especial. &#8230; <a title=\"TANGO\" class=\"read-more\" href=\"https:\/\/jorgedonn-caba.infd.edu.ar\/sitio\/tango\/\" aria-label=\"More on TANGO\">[+]<\/a><\/p>\n","protected":false},"author":13,"featured_media":0,"parent":0,"menu_order":0,"comment_status":"closed","ping_status":"closed","template":"","meta":[],"acf":[],"_links":{"self":[{"href":"https:\/\/jorgedonn-caba.infd.edu.ar\/sitio\/wp-json\/wp\/v2\/pages\/903"}],"collection":[{"href":"https:\/\/jorgedonn-caba.infd.edu.ar\/sitio\/wp-json\/wp\/v2\/pages"}],"about":[{"href":"https:\/\/jorgedonn-caba.infd.edu.ar\/sitio\/wp-json\/wp\/v2\/types\/page"}],"author":[{"embeddable":true,"href":"https:\/\/jorgedonn-caba.infd.edu.ar\/sitio\/wp-json\/wp\/v2\/users\/13"}],"replies":[{"embeddable":true,"href":"https:\/\/jorgedonn-caba.infd.edu.ar\/sitio\/wp-json\/wp\/v2\/comments?post=903"}],"version-history":[{"count":21,"href":"https:\/\/jorgedonn-caba.infd.edu.ar\/sitio\/wp-json\/wp\/v2\/pages\/903\/revisions"}],"predecessor-version":[{"id":1890,"href":"https:\/\/jorgedonn-caba.infd.edu.ar\/sitio\/wp-json\/wp\/v2\/pages\/903\/revisions\/1890"}],"wp:attachment":[{"href":"https:\/\/jorgedonn-caba.infd.edu.ar\/sitio\/wp-json\/wp\/v2\/media?parent=903"}],"curies":[{"name":"wp","href":"https:\/\/api.w.org\/{rel}","templated":true}]}}