{"id":897,"date":"2020-06-08T20:32:06","date_gmt":"2020-06-08T23:32:06","guid":{"rendered":"https:\/\/jorgedonn-caba.infd.edu.ar\/sitio\/?page_id=897"},"modified":"2022-06-24T09:28:13","modified_gmt":"2022-06-24T12:28:13","slug":"danza-clasica","status":"publish","type":"page","link":"https:\/\/jorgedonn-caba.infd.edu.ar\/sitio\/danza-clasica\/","title":{"rendered":"DANZA CL\u00c1SICA"},"content":{"rendered":"<h1 style=\"text-align: center;\"><strong>Profesorado de Danza con orientaci\u00f3n en <\/strong><\/h1>\n<h1 style=\"text-align: center;\"><strong>Danza <\/strong><strong>Cl\u00e1sica<\/strong><\/h1>\n<p>&nbsp;<\/p>\n<p><strong>Norma aprobatoria del Dise\u00f1o Curricular Jurisdiccional:<\/strong> RESOLUCI\u00d3N N\u00b0\u00a0 4231 \/\u00a0MEGC \/ 2014<\/p>\n<p><strong>Norma aprobatoria de Plan Curricular Institucional:<\/strong>\u00a0RESOLUCI\u00d3N N\u00b0 147\/SSPLINED\/17<\/p>\n<p><strong>T\u00edtulo que otorga:<\/strong> Profesor\/a de Danza con orientaci\u00f3n en Danza Cl\u00e1sica<\/p>\n<p><strong>Alcances o incumbencias del t\u00edtulo:<\/strong>\u00a0Educaci\u00f3n inicial, educaci\u00f3n primaria, educaci\u00f3n secundaria, secundaria art\u00edstica y educaci\u00f3n especial.<\/p>\n<p><strong>Caracter\u00edsticas generales de la carrera:\u00a0<\/strong> \u00a0 \u00a0Nivel Superior, Formaci\u00f3n Docente, Carrera Presencial.<\/p>\n<p><strong>D\u00edas y Horarios de cursada:\u00a0<\/strong>Lunes a viernes de 18 : 00 a 23:20 hs.<\/p>\n<p><strong>Duraci\u00f3n total de la carrera:<\/strong><\/p>\n<ul>\n<li>\u00a0Organizada en una cursada de 4 a\u00f1os.<\/li>\n<li>Carga horaria total en horas reloj: 3093 Hs.<\/li>\n<li>Carga horaria total en horas c\u00e1tedra: 4640 Hs.<\/li>\n<\/ul>\n<blockquote>\n<p style=\"text-align: center;\"><em>La formaci\u00f3n docente en Danza Cl\u00e1sica tiene como finalidad capacitar a los profesionales de este lenguaje, proporcionando herramientas t\u00e9cnicas, art\u00edsticas, metodol\u00f3gicas, te\u00f3ricas y pedag\u00f3gicas fundamentales, para la tarea docente. De este modo, los alumnos, futuros docentes, ampl\u00edan sus conocimientos adquiridos en niveles anteriores, afianz\u00e1ndose como profesionales id\u00f3neos, tanto en nivel nacional como internacional, posicion\u00e1ndose en nuevos \u00e1mbitos laborales y pedag\u00f3gicos afines a la Danza Cl\u00e1sica.<\/em><\/p>\n<\/blockquote>\n<h2 style=\"text-align: center;\"><strong>Perfil del egresado<\/strong><\/h2>\n<p>&nbsp;<\/p>\n<p style=\"text-align: center;\"><strong>Con el convencimiento de que un docente bien capacitado garantiza una escuela de <\/strong><strong>calidad, se aspira a una formaci\u00f3n docente profesional sustentada en la adquisici\u00f3n de valores y de <\/strong><strong>un conocimiento reflexivo y cr\u00edtico de s\u00ed mismo y de la realidad que lo circunda. Un docente que <\/strong><strong>adquiera habilidades y competencias actitudinales en su sentido m\u00e1s profundo, para respetar el <\/strong><strong>propio trabajo, el de sus pares y el de sus alumnos y que desarrolle la capacidad de autoevaluaci\u00f3n y retroalimentaci\u00f3n intencionales y continuadas, y en la atenci\u00f3n al fin moral de la educaci\u00f3n.<\/strong><\/p>\n<p style=\"text-align: center;\"><strong>Un docente que comprenda reflexivamente cu\u00e1l es el desaf\u00edo pedag\u00f3gico actual, capaz de <\/strong><strong>abordar situaciones problem\u00e1ticas frente a las cuales poder accionar cr\u00edticamente, que ofrezca posibles soluciones y tome decisiones de manera aut\u00f3noma y que produzca conocimiento v\u00e1lido <\/strong><strong>que se fundamente en los saberes cient\u00edficos, culturales y educativos.<\/strong><\/p>\n<p style=\"text-align: center;\"><strong>Un educador que adquiera las estrategias adecuadas para propiciar una ense\u00f1anza de calidad, con habilidades comunicacionales y metodol\u00f3gicas para llevarla a cabo y que favorezca el aprendizaje significativo de los alumnos. Un docente que integre equipos de trabajo que faciliten la inclusi\u00f3n de ni\u00f1os y j\u00f3venes con discapacidad y\/o con dificultades especificas de aprendizaje en una labor conjunta con otros profesionales de la educaci\u00f3n, desarrollando las adaptaciones curriculares necesarias en cada caso.<\/strong><\/p>\n<pre><em><b>\n     OBTEN\u00c9 MAS INFORMACI\u00d3N HACIENDO CLIC EN CADA BOT\u00d3N. POD\u00c9S DESCARGARTE TODOS LOS DOCUMENTOS EN FORMATO PDF.<\/b><\/em><b>\n<\/b><\/pre>\n<p><a href=\"https:\/\/jorgedonn-caba.infd.edu.ar\/sitio\/wp-content\/uploads\/2020\/12\/CAJA-CURRICULAR-CL\u00c1SICO-2020.pdf\" target=\"_blank\" rel=\"noopener\"><img decoding=\"async\" loading=\"lazy\" class=\"alignnone wp-image-1086\" src=\"https:\/\/jorgedonn-caba.infd.edu.ar\/sitio\/wp-content\/uploads\/2020\/07\/distribuci\u00f3n-por-a\u00f1os.png\" alt=\"\" width=\"225\" height=\"229\" srcset=\"https:\/\/jorgedonn-caba.infd.edu.ar\/sitio\/wp-content\/uploads\/2020\/07\/distribuci\u00f3n-por-a\u00f1os.png 803w, https:\/\/jorgedonn-caba.infd.edu.ar\/sitio\/wp-content\/uploads\/2020\/07\/distribuci\u00f3n-por-a\u00f1os-768x781.png 768w\" sizes=\"(max-width: 225px) 100vw, 225px\" \/><\/a>\u00a0 \u00a0 \u00a0 \u00a0 \u00a0 \u00a0 \u00a0 \u00a0<a href=\"https:\/\/jorgedonn-caba.infd.edu.ar\/sitio\/wp-content\/uploads\/2022\/06\/CLASICO-listado-de-materias-y-modalidad.pdf\" target=\"_blank\" rel=\"noopener\"><img decoding=\"async\" loading=\"lazy\" class=\"alignnone wp-image-1087\" src=\"https:\/\/jorgedonn-caba.infd.edu.ar\/sitio\/wp-content\/uploads\/2020\/07\/distribuci\u00f3n-por-campos.png\" alt=\"\" width=\"225\" height=\"229\" srcset=\"https:\/\/jorgedonn-caba.infd.edu.ar\/sitio\/wp-content\/uploads\/2020\/07\/distribuci\u00f3n-por-campos.png 803w, https:\/\/jorgedonn-caba.infd.edu.ar\/sitio\/wp-content\/uploads\/2020\/07\/distribuci\u00f3n-por-campos-768x781.png 768w\" sizes=\"(max-width: 225px) 100vw, 225px\" \/><\/a>\u00a0 \u00a0 \u00a0 \u00a0 \u00a0 \u00a0 \u00a0 \u00a0<a href=\"https:\/\/jorgedonn-caba.infd.edu.ar\/sitio\/wp-content\/uploads\/2020\/12\/Correlatividades-Clasico-2020.pdf\" target=\"_blank\" rel=\"noopener\"><img decoding=\"async\" loading=\"lazy\" class=\"alignnone wp-image-1089\" src=\"https:\/\/jorgedonn-caba.infd.edu.ar\/sitio\/wp-content\/uploads\/2020\/07\/R\u00e9gimen-de-correlatividades.png\" alt=\"\" width=\"228\" height=\"227\" srcset=\"https:\/\/jorgedonn-caba.infd.edu.ar\/sitio\/wp-content\/uploads\/2020\/07\/R\u00e9gimen-de-correlatividades.png 806w, https:\/\/jorgedonn-caba.infd.edu.ar\/sitio\/wp-content\/uploads\/2020\/07\/R\u00e9gimen-de-correlatividades-500x500.png 500w, https:\/\/jorgedonn-caba.infd.edu.ar\/sitio\/wp-content\/uploads\/2020\/07\/R\u00e9gimen-de-correlatividades-768x765.png 768w\" sizes=\"(max-width: 228px) 100vw, 228px\" \/><\/a>\u00a0 \u00a0 \u00a0 \u00a0 \u00a0 \u00a0 \u00a0 \u00a0<a href=\"https:\/\/drive.google.com\/file\/d\/11m7XGTXgCj24k4l4JTaNOcYWGSfFEc80\/view?usp=sharing\" target=\"_blank\" rel=\"noopener\"><img decoding=\"async\" loading=\"lazy\" class=\"alignnone wp-image-1088\" src=\"https:\/\/jorgedonn-caba.infd.edu.ar\/sitio\/wp-content\/uploads\/2020\/07\/Plan-de-estudios.png\" alt=\"\" width=\"225\" height=\"229\" srcset=\"https:\/\/jorgedonn-caba.infd.edu.ar\/sitio\/wp-content\/uploads\/2020\/07\/Plan-de-estudios.png 803w, https:\/\/jorgedonn-caba.infd.edu.ar\/sitio\/wp-content\/uploads\/2020\/07\/Plan-de-estudios-768x781.png 768w\" sizes=\"(max-width: 225px) 100vw, 225px\" \/><\/a><\/p>\n<h4>Dejanos tu consulta:<\/h4>\n\n<div class=\"wpcf7 no-js\" id=\"wpcf7-f57-o1\" lang=\"es-ES\" dir=\"ltr\">\n<div class=\"screen-reader-response\"><p role=\"status\" aria-live=\"polite\" aria-atomic=\"true\"><\/p> <ul><\/ul><\/div>\n<form action=\"\/sitio\/wp-json\/wp\/v2\/pages\/897#wpcf7-f57-o1\" method=\"post\" class=\"wpcf7-form init\" aria-label=\"Formulario de contacto\" novalidate=\"novalidate\" data-status=\"init\">\n<div style=\"display: none;\">\n<input type=\"hidden\" name=\"_wpcf7\" value=\"57\" \/>\n<input type=\"hidden\" name=\"_wpcf7_version\" value=\"5.7.7\" \/>\n<input type=\"hidden\" name=\"_wpcf7_locale\" value=\"es_ES\" \/>\n<input type=\"hidden\" name=\"_wpcf7_unit_tag\" value=\"wpcf7-f57-o1\" \/>\n<input type=\"hidden\" name=\"_wpcf7_container_post\" value=\"0\" \/>\n<input type=\"hidden\" name=\"_wpcf7_posted_data_hash\" value=\"\" \/>\n<input type=\"hidden\" name=\"_wpcf7_recaptcha_response\" value=\"\" \/>\n<\/div>\n<p><label><br \/>\n<b>* Nombre<\/b><br \/>\n<span class=\"wpcf7-form-control-wrap\" data-name=\"your-nombre\"><input size=\"40\" class=\"wpcf7-form-control wpcf7-text wpcf7-validates-as-required\" aria-required=\"true\" aria-invalid=\"false\" value=\"\" type=\"text\" name=\"your-nombre\" \/><\/span><br \/>\n<\/label><br \/>\n<label><br \/>\n<b>* Apellidos<\/b><br \/>\n<span class=\"wpcf7-form-control-wrap\" data-name=\"your-apellidos\"><input size=\"40\" class=\"wpcf7-form-control wpcf7-text wpcf7-validates-as-required\" aria-required=\"true\" aria-invalid=\"false\" value=\"\" type=\"text\" name=\"your-apellidos\" \/><\/span><br \/>\n<\/label><br \/>\n<label><br \/>\n<b>* E-mail<\/b><br \/>\n<span class=\"wpcf7-form-control-wrap\" data-name=\"your-e-mail\"><input size=\"40\" class=\"wpcf7-form-control wpcf7-text wpcf7-email wpcf7-validates-as-required wpcf7-validates-as-email\" aria-required=\"true\" aria-invalid=\"false\" value=\"\" type=\"email\" name=\"your-e-mail\" \/><\/span><br \/>\n<\/label><br \/>\n<b>* Comentarios<\/b><br \/>\n<span class=\"wpcf7-form-control-wrap\" data-name=\"your-comentarios\"><textarea cols=\"40\" rows=\"10\" class=\"wpcf7-form-control wpcf7-textarea wpcf7-validates-as-required\" aria-required=\"true\" aria-invalid=\"false\" name=\"your-comentarios\"><\/textarea><\/span><br \/>\n<\/p>\n<p> (*) Los campos son obligatorios.\n<\/p>\n\n<p><input class=\"wpcf7-form-control has-spinner wpcf7-submit\" type=\"submit\" value=\"Enviar\" \/>\n<\/p><p style=\"display: none !important;\"><label>&#916;<textarea name=\"_wpcf7_ak_hp_textarea\" cols=\"45\" rows=\"8\" maxlength=\"100\"><\/textarea><\/label><input type=\"hidden\" id=\"ak_js_1\" name=\"_wpcf7_ak_js\" value=\"125\"\/><script>document.getElementById( \"ak_js_1\" ).setAttribute( \"value\", ( new Date() ).getTime() );<\/script><\/p><div class=\"wpcf7-response-output\" aria-hidden=\"true\"><\/div>\n<\/form>\n<\/div>\n\n","protected":false},"excerpt":{"rendered":"<p>Profesorado de Danza con orientaci\u00f3n en Danza Cl\u00e1sica &nbsp; Norma aprobatoria del Dise\u00f1o Curricular Jurisdiccional: RESOLUCI\u00d3N N\u00b0\u00a0 4231 \/\u00a0MEGC \/ 2014 Norma aprobatoria de Plan Curricular Institucional:\u00a0RESOLUCI\u00d3N N\u00b0 147\/SSPLINED\/17 T\u00edtulo que otorga: Profesor\/a de Danza con orientaci\u00f3n en Danza Cl\u00e1sica Alcances o incumbencias del t\u00edtulo:\u00a0Educaci\u00f3n inicial, educaci\u00f3n primaria, educaci\u00f3n secundaria, secundaria art\u00edstica y educaci\u00f3n especial. &#8230; <a title=\"DANZA CL\u00c1SICA\" class=\"read-more\" href=\"https:\/\/jorgedonn-caba.infd.edu.ar\/sitio\/danza-clasica\/\" aria-label=\"More on DANZA CL\u00c1SICA\">[+]<\/a><\/p>\n","protected":false},"author":13,"featured_media":0,"parent":0,"menu_order":0,"comment_status":"closed","ping_status":"closed","template":"","meta":[],"acf":[],"_links":{"self":[{"href":"https:\/\/jorgedonn-caba.infd.edu.ar\/sitio\/wp-json\/wp\/v2\/pages\/897"}],"collection":[{"href":"https:\/\/jorgedonn-caba.infd.edu.ar\/sitio\/wp-json\/wp\/v2\/pages"}],"about":[{"href":"https:\/\/jorgedonn-caba.infd.edu.ar\/sitio\/wp-json\/wp\/v2\/types\/page"}],"author":[{"embeddable":true,"href":"https:\/\/jorgedonn-caba.infd.edu.ar\/sitio\/wp-json\/wp\/v2\/users\/13"}],"replies":[{"embeddable":true,"href":"https:\/\/jorgedonn-caba.infd.edu.ar\/sitio\/wp-json\/wp\/v2\/comments?post=897"}],"version-history":[{"count":29,"href":"https:\/\/jorgedonn-caba.infd.edu.ar\/sitio\/wp-json\/wp\/v2\/pages\/897\/revisions"}],"predecessor-version":[{"id":1857,"href":"https:\/\/jorgedonn-caba.infd.edu.ar\/sitio\/wp-json\/wp\/v2\/pages\/897\/revisions\/1857"}],"wp:attachment":[{"href":"https:\/\/jorgedonn-caba.infd.edu.ar\/sitio\/wp-json\/wp\/v2\/media?parent=897"}],"curies":[{"name":"wp","href":"https:\/\/api.w.org\/{rel}","templated":true}]}}