{"id":1541,"date":"2021-04-15T19:31:09","date_gmt":"2021-04-15T22:31:09","guid":{"rendered":"https:\/\/jorgedonn-caba.infd.edu.ar\/sitio\/?page_id=1541"},"modified":"2023-12-15T18:16:29","modified_gmt":"2023-12-15T21:16:29","slug":"pases-institucionales","status":"publish","type":"page","link":"https:\/\/jorgedonn-caba.infd.edu.ar\/sitio\/pases-institucionales\/","title":{"rendered":"Pases Institucionales"},"content":{"rendered":"<h1 style=\"text-align: center;\">PASES INSTITUCIONALES<\/h1>\n<h3>Para solicitar pases desde otras ESEAs a nuestra Instituci\u00f3n:<\/h3>\n<p>Lo primero que debes hacer es contactarnos ( puede ser via correo electr\u00f3nico\u00a0 o personalmente en nuestra instituci\u00f3n)\u00a0 \u00a0para consultar si hay VACANTES disponibles en el a\u00f1o y carrera en el que debes inscribirte. En el caso que haya VACANTE DISPONIBLE te entregaremos una CONSTANCIA DE VACANTE ( una por cada carrera en la que solicites PASE) que deber\u00e1s presentar en la instituci\u00f3n a la cual perteneces actualmente.<\/p>\n<p>Luego de presentar la CONSTANCIA DE VACANTE, deber\u00e1s solicitar en la\u00a0instituci\u00f3n a la cual perteneces actualmente:<\/p>\n<div><\/div>\n<ul>\n<li>CERTIFICADO DE PASE INSTITUCIONAL:\u00a0 donde aclare las materias adeudadas. ( Un certificado por cada carrera en la que solicites PASE)<\/li>\n<li>COPIA DE\u00a0 N\u00d3MINA DE\u00a0<span class=\"il\">PASE<\/span>\u00a0CON EL SELLO \u00abRECIBIDO POR\u00a0GOTYL\u00bb EN TODAS LAS CARRERAS QUE SOLICITES EL\u00a0<span class=\"il\">PASE<\/span><\/li>\n<\/ul>\n<div><\/div>\n<div>Cuando tengas esa documentaci\u00f3n debes presentarte en nuestra instituci\u00f3n para presentar esos documentos y los que se detallan a continuaci\u00f3n:<\/div>\n<div><\/div>\n<div>\n<ul>\n<li>ORIGINAL Y FOTOCOPIA DE DNI\u00a0 DE AMBOS LADOS<\/li>\n<li>ORIGINAL Y FOTO DE PARTIDA DE NACIMIENTO<\/li>\n<li>ORIGINAL Y FOTOCOPIA DE T\u00cdTULO SECUNDARIO<\/li>\n<li>FICHA DE INSCRIPCI\u00d3N INSTITUCIONAL\u00a0 COMPLETA &#8211; UNA POR CARRERA EN LA QUE PASASTE DESDE OTRA ESEA ( Obtenedla haciendo clic <a href=\"https:\/\/jorgedonn-caba.infd.edu.ar\/sitio\/wp-content\/uploads\/2020\/07\/NUEVA-FICHA-DE-PREINSCRIPCION-.pdf\"><strong>aqu\u00ed<\/strong><\/a>)<\/li>\n<li>DOS FOTOS 4X4<\/li>\n<\/ul>\n<div><\/div>\n<\/div>\n<div>TODO DENTRO DE UN FOLIO<\/div>\n<div><\/div>\n<div>Luego de eso deber\u00e1s MATRICULARTE\u00a0 en nuestra escuelas y ya podes empezar a cursar.<\/div>\n<div><\/div>\n<h4><\/h4>\n<h6><\/h6>\n<div><\/div>\n<div>\u00a0<\/div>\n<div>\n<h3>Para solicitar pases desde nuestra Escuela hacia otras ESEAs:<\/h3>\n<\/div>\n<div>Debes comunicarte con la ESEA que te recibir\u00e1 para consultar si hay VACANTES disponibles en el a\u00f1o y carrera en el que debes inscribirte y solicitar una CONSTANCIA DE VACANTE que aclare a\u00f1o y carrera en el que te reciben ( una por cada carrera en la que solicites PASE).<\/p>\n<h4>En nuestra instituci\u00f3n deber\u00e1s presentar:<\/h4>\n<ul>\n<li>\u00a0CONSTANCIA DE VACANTE que aclare a\u00f1o y carrera (una por cada carrera en la que solicites PASE)<\/li>\n<li>Carta de SOLICITUD DE PASE INSTITUCIONAL ( Obtenela haciendo clic <a href=\"https:\/\/jorgedonn-caba.infd.edu.ar\/sitio\/wp-content\/uploads\/2021\/04\/SOLICITUD-DE-PASE-INSTITUCIONAL..pdf\"><strong>aqu\u00ed<\/strong><\/a>)<\/li>\n<\/ul>\n<p>Luego de presentados esos documentos, nosotros prepararemos los\u00a0 siguientes documentos requeridos para realizar el pase.<\/p><\/div>\n<ul>\n<li>CERTIFICADO DE PASE INSTITUCIONAL:\u00a0 donde aclare las materias adeudadas. ( Un certificado por cada carrera en la que solicites PASE)<\/li>\n<li>COPIA DE\u00a0 N\u00d3MINA DE\u00a0<span class=\"il\">PASE<\/span>\u00a0CON EL SELLO \u00abRECIBIDO POR\u00a0GOTYL\u00bb EN TODAS LAS CARRERAS QUE SOLICITES EL\u00a0<span class=\"il\">PASE.<\/span><\/li>\n<\/ul>\n<p>Normalmente, estos documentos pueden demorar aproximadamente 20 d\u00edas.<\/p>\n<h4>\u00a0<\/h4>\n<h2 style=\"text-align: center;\"><strong>PARA TENER EN CUENTA:<\/strong><\/h2>\n<blockquote>\n<h5 style=\"text-align: center;\">Para TODOS LOS PASES INSTITUCIONALES s\u00f3lo se tienen en cuenta materias FINALIZADAS y APROBADAS.<\/h5>\n<h5 style=\"text-align: center;\">Por lo tanto los PASES en el transcurso de un CICLO LECTIVO\u00a0 solo reconocen las materias que ya hayas APROBADO.<\/h5>\n<\/blockquote>\n<h4>Dejanos tu consulta:<\/h4>\n\n<div class=\"wpcf7 no-js\" id=\"wpcf7-f57-o1\" lang=\"es-ES\" dir=\"ltr\">\n<div class=\"screen-reader-response\"><p role=\"status\" aria-live=\"polite\" aria-atomic=\"true\"><\/p> <ul><\/ul><\/div>\n<form action=\"\/sitio\/wp-json\/wp\/v2\/pages\/1541#wpcf7-f57-o1\" method=\"post\" class=\"wpcf7-form init\" aria-label=\"Formulario de contacto\" novalidate=\"novalidate\" data-status=\"init\">\n<div style=\"display: none;\">\n<input type=\"hidden\" name=\"_wpcf7\" value=\"57\" \/>\n<input type=\"hidden\" name=\"_wpcf7_version\" value=\"5.7.7\" \/>\n<input type=\"hidden\" name=\"_wpcf7_locale\" value=\"es_ES\" \/>\n<input type=\"hidden\" name=\"_wpcf7_unit_tag\" value=\"wpcf7-f57-o1\" \/>\n<input type=\"hidden\" name=\"_wpcf7_container_post\" value=\"0\" \/>\n<input type=\"hidden\" name=\"_wpcf7_posted_data_hash\" value=\"\" \/>\n<input type=\"hidden\" name=\"_wpcf7_recaptcha_response\" value=\"\" \/>\n<\/div>\n<p><label><br \/>\n<b>* Nombre<\/b><br \/>\n<span class=\"wpcf7-form-control-wrap\" data-name=\"your-nombre\"><input size=\"40\" class=\"wpcf7-form-control wpcf7-text wpcf7-validates-as-required\" aria-required=\"true\" aria-invalid=\"false\" value=\"\" type=\"text\" name=\"your-nombre\" \/><\/span><br \/>\n<\/label><br \/>\n<label><br \/>\n<b>* Apellidos<\/b><br \/>\n<span class=\"wpcf7-form-control-wrap\" data-name=\"your-apellidos\"><input size=\"40\" class=\"wpcf7-form-control wpcf7-text wpcf7-validates-as-required\" aria-required=\"true\" aria-invalid=\"false\" value=\"\" type=\"text\" name=\"your-apellidos\" \/><\/span><br \/>\n<\/label><br \/>\n<label><br \/>\n<b>* E-mail<\/b><br \/>\n<span class=\"wpcf7-form-control-wrap\" data-name=\"your-e-mail\"><input size=\"40\" class=\"wpcf7-form-control wpcf7-text wpcf7-email wpcf7-validates-as-required wpcf7-validates-as-email\" aria-required=\"true\" aria-invalid=\"false\" value=\"\" type=\"email\" name=\"your-e-mail\" \/><\/span><br \/>\n<\/label><br \/>\n<b>* Comentarios<\/b><br \/>\n<span class=\"wpcf7-form-control-wrap\" data-name=\"your-comentarios\"><textarea cols=\"40\" rows=\"10\" class=\"wpcf7-form-control wpcf7-textarea wpcf7-validates-as-required\" aria-required=\"true\" aria-invalid=\"false\" name=\"your-comentarios\"><\/textarea><\/span><br \/>\n<\/p>\n<p> (*) Los campos son obligatorios.\n<\/p>\n\n<p><input class=\"wpcf7-form-control has-spinner wpcf7-submit\" type=\"submit\" value=\"Enviar\" \/>\n<\/p><p style=\"display: none !important;\"><label>&#916;<textarea name=\"_wpcf7_ak_hp_textarea\" cols=\"45\" rows=\"8\" maxlength=\"100\"><\/textarea><\/label><input type=\"hidden\" id=\"ak_js_1\" name=\"_wpcf7_ak_js\" value=\"140\"\/><script>document.getElementById( \"ak_js_1\" ).setAttribute( \"value\", ( new Date() ).getTime() );<\/script><\/p><div class=\"wpcf7-response-output\" aria-hidden=\"true\"><\/div>\n<\/form>\n<\/div>\n\n","protected":false},"excerpt":{"rendered":"<p>PASES INSTITUCIONALES Para solicitar pases desde otras ESEAs a nuestra Instituci\u00f3n: Lo primero que debes hacer es contactarnos ( puede ser via correo electr\u00f3nico\u00a0 o personalmente en nuestra instituci\u00f3n)\u00a0 \u00a0para consultar si hay VACANTES disponibles en el a\u00f1o y carrera en el que debes inscribirte. En el caso que haya VACANTE DISPONIBLE te entregaremos una &#8230; <a title=\"Pases Institucionales\" class=\"read-more\" href=\"https:\/\/jorgedonn-caba.infd.edu.ar\/sitio\/pases-institucionales\/\" aria-label=\"More on Pases Institucionales\">[+]<\/a><\/p>\n","protected":false},"author":13,"featured_media":0,"parent":0,"menu_order":0,"comment_status":"closed","ping_status":"closed","template":"","meta":[],"acf":[],"_links":{"self":[{"href":"https:\/\/jorgedonn-caba.infd.edu.ar\/sitio\/wp-json\/wp\/v2\/pages\/1541"}],"collection":[{"href":"https:\/\/jorgedonn-caba.infd.edu.ar\/sitio\/wp-json\/wp\/v2\/pages"}],"about":[{"href":"https:\/\/jorgedonn-caba.infd.edu.ar\/sitio\/wp-json\/wp\/v2\/types\/page"}],"author":[{"embeddable":true,"href":"https:\/\/jorgedonn-caba.infd.edu.ar\/sitio\/wp-json\/wp\/v2\/users\/13"}],"replies":[{"embeddable":true,"href":"https:\/\/jorgedonn-caba.infd.edu.ar\/sitio\/wp-json\/wp\/v2\/comments?post=1541"}],"version-history":[{"count":5,"href":"https:\/\/jorgedonn-caba.infd.edu.ar\/sitio\/wp-json\/wp\/v2\/pages\/1541\/revisions"}],"predecessor-version":[{"id":2089,"href":"https:\/\/jorgedonn-caba.infd.edu.ar\/sitio\/wp-json\/wp\/v2\/pages\/1541\/revisions\/2089"}],"wp:attachment":[{"href":"https:\/\/jorgedonn-caba.infd.edu.ar\/sitio\/wp-json\/wp\/v2\/media?parent=1541"}],"curies":[{"name":"wp","href":"https:\/\/api.w.org\/{rel}","templated":true}]}}